{"id":22744,"date":"2025-12-09T20:11:34","date_gmt":"2025-12-09T19:11:34","guid":{"rendered":"https:\/\/variante.ch\/?post_type=product&#038;p=22744"},"modified":"2026-03-07T16:55:24","modified_gmt":"2026-03-07T15:55:24","slug":"ulcrus-taccuinolambiccato","status":"publish","type":"product","link":"https:\/\/variante.ch\/fr\/prodotto\/ulcrus-taccuinolambiccato\/","title":{"rendered":"Ul Crus + Il taccuino lambiccato di Armando Ceroni"},"content":{"rendered":"","protected":false},"excerpt":{"rendered":"<p><strong>2 libri in offerta speciale!<\/strong><\/p>\n<p>&nbsp;<\/p>\n<p><strong>Ul Crus<\/strong>, di Armando Ceroni<br \/>\nPagine: 164 a colori<br \/>\nFormato: 130 x 205 mm<br \/>\nIllustrazioni acquarellate<br \/>\nPrefazione di Nicol\u00f2 Casolini<br \/>\nDisegni di Alex Barbey<br \/>\nISBN 979-12-985314-1-3<br \/>\nPrinted in Switzerland<\/p>\n<p>&nbsp;<\/p>\n<p><strong>Il taccuino lambiccato di Armando Ceroni<\/strong><br \/>\nPagine: 132<br \/>\nFormato: 130 x 205 mm<br \/>\nIllustrazioni acquarellate<br \/>\nDisegni di Alex Barbey<br \/>\nPrefazione di Valon Behrami, Antonio Esposito e Kubilay T\u00fcrkyilmaz<br \/>\nPrinted in Switzerland<\/p>\n<hr \/>\n<p><strong>Ul Crus<\/strong>, di Armando Ceroni<br \/>\n\u00abDa bambino pensavo che lass\u00f9, dietro il faro, ci fosse il mare. Lo vedevo come un luogo magico, incantato e quel sentimento di meraviglia ce l\u2019ho ancora qui, nel profondo del cuore.\u00bb \u2013 Mattia Croci Torti<br \/>\nRedatta dal consigliere e fedele amico Armando Ceroni, gi\u00e0 voce autorevole della RSI come cronista sportivo, questa pubblicazione narra una carriera segnata da momenti inattesi e memorabili. Lo spirito positivo di Mattia e la sua autenticit\u00e0 hanno saputo lasciare un segno profondo in ciascuno di noi, anche in coloro che guardano al mondo del calcio con distacco. Chiamato anche Mister Cartacce a causa di uno scivolone, Ul Crus, ha incrociato il suo destino con diversi personaggi che ne hanno influenzato il percorso, alcuni dei quali sono raccontati nel libro: Abel Braga, Carlo Ancelotti, Valon Behrami, Nicol\u00f2 Casolini, Marco De Gennaro, Gianni Delorenzi, Giovanni Manna, Ren\u00e9 Morf, Jos\u00e9 Mourino, Roberto Morinini, Carlo Ortelli, Vladimir Petkovi\u0107, Angelo Renzetti, Walter Samuel, Renato Steffen, Pierluigi Tami, Nicholas Townsend, Gianluca Zambrotta, \u2026<\/p>\n<p>&nbsp;<\/p>\n<p><strong>Il taccuino lambiccato di Armando Ceroni<\/strong><br \/>\nQuesto libro celebra i momenti pi\u00f9 significativi della carriera di Armando Ceroni, giornalista sportivo e telecronista della RSI, dalla genialit\u00e0 autentica e dalla passione travolgente per lo sport, in particolare per il calcio e il ciclismo. La sua straordinaria capacit\u00e0 narrativa ha creato un linguaggio unico, ricco di neologismi e immagini vivide, capace di trasformare ogni cronaca in un viaggio emozionante. Le sue parole sono ossigeno per l\u2019anima, suscitano un entusiasmo contagioso. Con uno stile inconfondibile, ha arricchito il racconto dello sport con espressioni memorabili come \u201csbaccalito\u201d o \u201cstortignaccolo\u201d, che restano nella memoria.<\/p>\n<hr \/>\n<p><strong>Spedizione solo in Svizzera.<br \/>\nTempi di consegna: fino a 4\u20136 giorni lavorativi.<br \/>\nPossibilit\u00e0 di ritiro presso i nostri uffici in via Teatro 4 a Bellinzona.<\/strong><\/p>\n","protected":false},"featured_media":22745,"template":"","meta":{"inline_featured_image":false,"_monsterinsights_skip_tracking":false,"_monsterinsights_sitenote_active":false,"_monsterinsights_sitenote_note":"","_monsterinsights_sitenote_category":0},"product_brand":[],"product_cat":[136],"product_tag":[],"class_list":{"0":"post-22744","1":"product","2":"type-product","3":"status-publish","4":"has-post-thumbnail","6":"product_cat-edizioni","8":"first","9":"instock","10":"sale","11":"shipping-taxable","12":"purchasable","13":"product-type-simple"},"yoast_head":"<!-- This site is optimized with the Yoast SEO plugin v26.5 - https:\/\/yoast.com\/wordpress\/plugins\/seo\/ -->\n<title>Ul Crus + Il taccuino lambiccato di Armando Ceroni - Variante agenzia creativa<\/title>\n<meta name=\"description\" content=\"Scopri &quot;Ul Crus di Armando Ceroni&quot; e &quot;Il taccuino lambiccato di Armando Ceroni&quot;. Un dittico memorabile in promozione natalizia!\" \/>\n<meta name=\"robots\" content=\"index, follow, max-snippet:-1, max-image-preview:large, max-video-preview:-1\" \/>\n<link rel=\"canonical\" href=\"https:\/\/variante.ch\/fr\/prodotto\/ulcrus-taccuinolambiccato\/\" \/>\n<meta property=\"og:locale\" content=\"fr_FR\" \/>\n<meta property=\"og:type\" content=\"article\" \/>\n<meta property=\"og:title\" content=\"Ul Crus + Il taccuino lambiccato di Armando Ceroni - Variante agenzia creativa\" \/>\n<meta property=\"og:description\" content=\"Scopri &quot;Ul Crus di Armando Ceroni&quot; e &quot;Il taccuino lambiccato di Armando Ceroni&quot;. Un dittico memorabile in promozione natalizia!\" \/>\n<meta property=\"og:url\" content=\"https:\/\/variante.ch\/fr\/prodotto\/ulcrus-taccuinolambiccato\/\" \/>\n<meta property=\"og:site_name\" content=\"Variante agenzia creativa\" \/>\n<meta property=\"article:modified_time\" content=\"2026-03-07T15:55:24+00:00\" \/>\n<meta property=\"og:image\" content=\"https:\/\/variante.ch\/wp-content\/uploads\/2025\/12\/Crus_Ceroni_dittico_speciale.jpg\" \/>\n\t<meta property=\"og:image:width\" content=\"2000\" \/>\n\t<meta property=\"og:image:height\" content=\"2001\" \/>\n\t<meta property=\"og:image:type\" content=\"image\/jpeg\" \/>\n<meta name=\"twitter:card\" content=\"summary_large_image\" \/>\n<meta name=\"twitter:label1\" content=\"Dur\u00e9e de lecture estim\u00e9e\" \/>\n\t<meta name=\"twitter:data1\" content=\"1 minute\" \/>\n<script type=\"application\/ld+json\" class=\"yoast-schema-graph\">{\"@context\":\"https:\/\/schema.org\",\"@graph\":[{\"@type\":\"WebPage\",\"@id\":\"https:\/\/variante.ch\/fr\/prodotto\/ulcrus-taccuinolambiccato\/\",\"url\":\"https:\/\/variante.ch\/fr\/prodotto\/ulcrus-taccuinolambiccato\/\",\"name\":\"Ul Crus + Il taccuino lambiccato di Armando Ceroni - Variante agenzia creativa\",\"isPartOf\":{\"@id\":\"https:\/\/variante.ch\/fr\/#website\"},\"primaryImageOfPage\":{\"@id\":\"https:\/\/variante.ch\/fr\/prodotto\/ulcrus-taccuinolambiccato\/#primaryimage\"},\"image\":{\"@id\":\"https:\/\/variante.ch\/fr\/prodotto\/ulcrus-taccuinolambiccato\/#primaryimage\"},\"thumbnailUrl\":\"https:\/\/variante.ch\/wp-content\/uploads\/2025\/12\/Crus_Ceroni_dittico_speciale.jpg\",\"datePublished\":\"2025-12-09T19:11:34+00:00\",\"dateModified\":\"2026-03-07T15:55:24+00:00\",\"description\":\"Scopri \\\"Ul Crus di Armando Ceroni\\\" e \\\"Il taccuino lambiccato di Armando Ceroni\\\". Un dittico memorabile in promozione natalizia!\",\"breadcrumb\":{\"@id\":\"https:\/\/variante.ch\/fr\/prodotto\/ulcrus-taccuinolambiccato\/#breadcrumb\"},\"inLanguage\":\"fr-FR\",\"potentialAction\":[{\"@type\":\"ReadAction\",\"target\":[\"https:\/\/variante.ch\/fr\/prodotto\/ulcrus-taccuinolambiccato\/\"]}]},{\"@type\":\"ImageObject\",\"inLanguage\":\"fr-FR\",\"@id\":\"https:\/\/variante.ch\/fr\/prodotto\/ulcrus-taccuinolambiccato\/#primaryimage\",\"url\":\"https:\/\/variante.ch\/wp-content\/uploads\/2025\/12\/Crus_Ceroni_dittico_speciale.jpg\",\"contentUrl\":\"https:\/\/variante.ch\/wp-content\/uploads\/2025\/12\/Crus_Ceroni_dittico_speciale.jpg\",\"width\":2000,\"height\":2001,\"caption\":\"ceroni e crus\"},{\"@type\":\"BreadcrumbList\",\"@id\":\"https:\/\/variante.ch\/fr\/prodotto\/ulcrus-taccuinolambiccato\/#breadcrumb\",\"itemListElement\":[{\"@type\":\"ListItem\",\"position\":1,\"name\":\"Home\",\"item\":\"https:\/\/variante.ch\/fr\/\"},{\"@type\":\"ListItem\",\"position\":2,\"name\":\"Produits\",\"item\":\"https:\/\/variante.ch\/fr\/shop\/\"},{\"@type\":\"ListItem\",\"position\":3,\"name\":\"Ul Crus + Il taccuino lambiccato di Armando Ceroni\"}]},{\"@type\":\"WebSite\",\"@id\":\"https:\/\/variante.ch\/fr\/#website\",\"url\":\"https:\/\/variante.ch\/fr\/\",\"name\":\"Variante agenzia creativa\",\"description\":\"Variante agenzia creativa\",\"publisher\":{\"@id\":\"https:\/\/variante.ch\/fr\/#organization\"},\"potentialAction\":[{\"@type\":\"SearchAction\",\"target\":{\"@type\":\"EntryPoint\",\"urlTemplate\":\"https:\/\/variante.ch\/fr\/?s={search_term_string}\"},\"query-input\":{\"@type\":\"PropertyValueSpecification\",\"valueRequired\":true,\"valueName\":\"search_term_string\"}}],\"inLanguage\":\"fr-FR\"},{\"@type\":\"Organization\",\"@id\":\"https:\/\/variante.ch\/fr\/#organization\",\"name\":\"Variante agenzia creativa\",\"url\":\"https:\/\/variante.ch\/fr\/\",\"logo\":{\"@type\":\"ImageObject\",\"inLanguage\":\"fr-FR\",\"@id\":\"https:\/\/variante.ch\/fr\/#\/schema\/logo\/image\/\",\"url\":\"https:\/\/variante.ch\/wp-content\/uploads\/2020\/05\/variante_agenzia_creativa_logo_new.svg\",\"contentUrl\":\"https:\/\/variante.ch\/wp-content\/uploads\/2020\/05\/variante_agenzia_creativa_logo_new.svg\",\"width\":\"1024\",\"height\":\"1024\",\"caption\":\"Variante agenzia creativa\"},\"image\":{\"@id\":\"https:\/\/variante.ch\/fr\/#\/schema\/logo\/image\/\"}}]}<\/script>\n<!-- \/ Yoast SEO plugin. -->","yoast_head_json":{"title":"Ul Crus + Il taccuino lambiccato di Armando Ceroni - Variante agenzia creativa","description":"Scopri \"Ul Crus di Armando Ceroni\" e \"Il taccuino lambiccato di Armando Ceroni\". Un dittico memorabile in promozione natalizia!","robots":{"index":"index","follow":"follow","max-snippet":"max-snippet:-1","max-image-preview":"max-image-preview:large","max-video-preview":"max-video-preview:-1"},"canonical":"https:\/\/variante.ch\/fr\/prodotto\/ulcrus-taccuinolambiccato\/","og_locale":"fr_FR","og_type":"article","og_title":"Ul Crus + Il taccuino lambiccato di Armando Ceroni - Variante agenzia creativa","og_description":"Scopri \"Ul Crus di Armando Ceroni\" e \"Il taccuino lambiccato di Armando Ceroni\". Un dittico memorabile in promozione natalizia!","og_url":"https:\/\/variante.ch\/fr\/prodotto\/ulcrus-taccuinolambiccato\/","og_site_name":"Variante agenzia creativa","article_modified_time":"2026-03-07T15:55:24+00:00","og_image":[{"width":2000,"height":2001,"url":"https:\/\/variante.ch\/wp-content\/uploads\/2025\/12\/Crus_Ceroni_dittico_speciale.jpg","type":"image\/jpeg"}],"twitter_card":"summary_large_image","twitter_misc":{"Dur\u00e9e de lecture estim\u00e9e":"1 minute"},"schema":{"@context":"https:\/\/schema.org","@graph":[{"@type":"WebPage","@id":"https:\/\/variante.ch\/fr\/prodotto\/ulcrus-taccuinolambiccato\/","url":"https:\/\/variante.ch\/fr\/prodotto\/ulcrus-taccuinolambiccato\/","name":"Ul Crus + Il taccuino lambiccato di Armando Ceroni - Variante agenzia creativa","isPartOf":{"@id":"https:\/\/variante.ch\/fr\/#website"},"primaryImageOfPage":{"@id":"https:\/\/variante.ch\/fr\/prodotto\/ulcrus-taccuinolambiccato\/#primaryimage"},"image":{"@id":"https:\/\/variante.ch\/fr\/prodotto\/ulcrus-taccuinolambiccato\/#primaryimage"},"thumbnailUrl":"https:\/\/variante.ch\/wp-content\/uploads\/2025\/12\/Crus_Ceroni_dittico_speciale.jpg","datePublished":"2025-12-09T19:11:34+00:00","dateModified":"2026-03-07T15:55:24+00:00","description":"Scopri \"Ul Crus di Armando Ceroni\" e \"Il taccuino lambiccato di Armando Ceroni\". Un dittico memorabile in promozione natalizia!","breadcrumb":{"@id":"https:\/\/variante.ch\/fr\/prodotto\/ulcrus-taccuinolambiccato\/#breadcrumb"},"inLanguage":"fr-FR","potentialAction":[{"@type":"ReadAction","target":["https:\/\/variante.ch\/fr\/prodotto\/ulcrus-taccuinolambiccato\/"]}]},{"@type":"ImageObject","inLanguage":"fr-FR","@id":"https:\/\/variante.ch\/fr\/prodotto\/ulcrus-taccuinolambiccato\/#primaryimage","url":"https:\/\/variante.ch\/wp-content\/uploads\/2025\/12\/Crus_Ceroni_dittico_speciale.jpg","contentUrl":"https:\/\/variante.ch\/wp-content\/uploads\/2025\/12\/Crus_Ceroni_dittico_speciale.jpg","width":2000,"height":2001,"caption":"ceroni e crus"},{"@type":"BreadcrumbList","@id":"https:\/\/variante.ch\/fr\/prodotto\/ulcrus-taccuinolambiccato\/#breadcrumb","itemListElement":[{"@type":"ListItem","position":1,"name":"Home","item":"https:\/\/variante.ch\/fr\/"},{"@type":"ListItem","position":2,"name":"Produits","item":"https:\/\/variante.ch\/fr\/shop\/"},{"@type":"ListItem","position":3,"name":"Ul Crus + Il taccuino lambiccato di Armando Ceroni"}]},{"@type":"WebSite","@id":"https:\/\/variante.ch\/fr\/#website","url":"https:\/\/variante.ch\/fr\/","name":"Variante agenzia creativa","description":"Variante agenzia creativa","publisher":{"@id":"https:\/\/variante.ch\/fr\/#organization"},"potentialAction":[{"@type":"SearchAction","target":{"@type":"EntryPoint","urlTemplate":"https:\/\/variante.ch\/fr\/?s={search_term_string}"},"query-input":{"@type":"PropertyValueSpecification","valueRequired":true,"valueName":"search_term_string"}}],"inLanguage":"fr-FR"},{"@type":"Organization","@id":"https:\/\/variante.ch\/fr\/#organization","name":"Variante agenzia creativa","url":"https:\/\/variante.ch\/fr\/","logo":{"@type":"ImageObject","inLanguage":"fr-FR","@id":"https:\/\/variante.ch\/fr\/#\/schema\/logo\/image\/","url":"https:\/\/variante.ch\/wp-content\/uploads\/2020\/05\/variante_agenzia_creativa_logo_new.svg","contentUrl":"https:\/\/variante.ch\/wp-content\/uploads\/2020\/05\/variante_agenzia_creativa_logo_new.svg","width":"1024","height":"1024","caption":"Variante agenzia creativa"},"image":{"@id":"https:\/\/variante.ch\/fr\/#\/schema\/logo\/image\/"}}]}},"_links":{"self":[{"href":"https:\/\/variante.ch\/fr\/wp-json\/wp\/v2\/product\/22744","targetHints":{"allow":["GET"]}}],"collection":[{"href":"https:\/\/variante.ch\/fr\/wp-json\/wp\/v2\/product"}],"about":[{"href":"https:\/\/variante.ch\/fr\/wp-json\/wp\/v2\/types\/product"}],"wp:featuredmedia":[{"embeddable":true,"href":"https:\/\/variante.ch\/fr\/wp-json\/wp\/v2\/media\/22745"}],"wp:attachment":[{"href":"https:\/\/variante.ch\/fr\/wp-json\/wp\/v2\/media?parent=22744"}],"wp:term":[{"taxonomy":"product_brand","embeddable":true,"href":"https:\/\/variante.ch\/fr\/wp-json\/wp\/v2\/product_brand?post=22744"},{"taxonomy":"product_cat","embeddable":true,"href":"https:\/\/variante.ch\/fr\/wp-json\/wp\/v2\/product_cat?post=22744"},{"taxonomy":"product_tag","embeddable":true,"href":"https:\/\/variante.ch\/fr\/wp-json\/wp\/v2\/product_tag?post=22744"}],"curies":[{"name":"wp","href":"https:\/\/api.w.org\/{rel}","templated":true}]}}