{"id":22254,"date":"2025-07-16T09:50:57","date_gmt":"2025-07-16T07:50:57","guid":{"rendered":"https:\/\/variante.ch\/prodotto\/fake-you\/"},"modified":"2026-03-08T08:56:42","modified_gmt":"2026-03-08T07:56:42","slug":"fake-you","status":"publish","type":"product","link":"https:\/\/variante.ch\/fr\/prodotto\/fake-you\/","title":{"rendered":"Fake You!"},"content":{"rendered":"<div class=\"wpb-content-wrapper\"><p>[vc_row][vc_column]<div class=\"dfd-heading-shortcode\"><div class=\"dfd-heading-module-wrap  text-center style_01 dfd-heading-69d0ed6f5f180 dfd-disable-resposive-headings\" id=\"dfd-heading-69d0ed6f5f180\" ><div class=\"inline-block\"><div class=\"dfd-heading-module\"><div class=\"widget-title dfd-title block-title\" style=\"font-size: 30px; font-family: InterLight; color: #000000 !important; line-height: 37px; letter-spacing: 0px; \">Pour tous les achats en dehors de la Suisse<\/div><\/div><\/div><\/div><script type=\"text\/javascript\">\r\n\t\t\t\t\t\t\t\t\t(function($) {\r\n\t\t\t\t\t\t\t\t\t\t$(\"head\").append(\"<style>.dfd-heading-69d0ed6f5f180.dfd-heading-module-wrap .dfd-heading-module .dfd-heading-delimiter {margin-top:10px;margin-bottom:10px;}<\/style>\");\r\n\t\t\t\t\t\t\t\t\t})(jQuery);\r\n\t\t\t\t\t\t\t\t<\/script><\/div>[vc_column_text css=\u00a0\u00bb.vc_custom_1753448578181{padding-bottom: 10px !important;}\u00a0\u00bb]<\/p>\n<p style=\"text-align: center;\">En raison des restrictions d\u2019Amazon, le livre a \u00e9t\u00e9 publi\u00e9 sur leur site avec une couverture au titre modifi\u00e9, bien que le contenu reste identique.<br \/>\nLe livre, non censur\u00e9 et avec sa couverture originale, reste n\u00e9anmoins disponible sur notre boutique en ligne, imprim\u00e9 et vendu en Suisse.<\/p>\n<p>[\/vc_column_text][vc_single_image image=\u00a0\u00bb22289&Prime; img_size=\u00a0\u00bb200&#215;200&Prime; alignment=\u00a0\u00bbcenter\u00a0\u00bb css=\u00a0\u00bb.vc_custom_1753448551900{padding-top: 10px !important;padding-bottom: 20px !important;}\u00a0\u00bb]<div id=\"dfd-button-69d0ed6f5f246\" class=\"dfd-button-module-wrap dfd-button-69d0ed6f5f246\"><div class=\"dfd-button-module  style_1 text-center dfd-horizontal dfd-top-to-bottom dfd-button-icon-left dfd-button-icon-hover-simple\" ><a href=\"https:\/\/www.amazon.fr\/dp\/2839944030\" target=\"_blank\" class=\"dfd-button-link\"><span class=\"dfd-button-inner-cover\"><span class=\"dfd-button-text-main\">SHOP<\/span><\/span><\/a><\/div><script type=\"text\/javascript\">\r\n\t\t\t\t\t\t\t\t\t(function($) {$(\"head\").append(\"<style>#dfd-button-69d0ed6f5f246.dfd-button-module-wrap .dfd-button-module .dfd-button-link .dfd-button-inner-cover .dfd-button-text-main, .dfd-button-69d0ed6f5f246.dfd-button-module-wrap .dfd-button-module .dfd-button-link .dfd-button-inner-cover .dfd-button-text-main, .dfd-button-69d0ed6f5f246.dfd-button-module-wrap .dfd-button-module .dfd-button-link .dfd-button-inner-cover .dfd-button-text-hover, #dfd-button-69d0ed6f5f246.dfd-button-module-wrap .dfd-button-module .dfd-button-link .dfd-button-inner-cover .dfd-button-text-hover {padding-left: 25px;}#dfd-button-69d0ed6f5f246.dfd-button-module-wrap .dfd-button-module .dfd-button-link .dfd-button-inner-cover .dfd-button-text-main, .dfd-button-69d0ed6f5f246.dfd-button-module-wrap .dfd-button-module .dfd-button-link .dfd-button-inner-cover .dfd-button-text-main, .dfd-button-69d0ed6f5f246.dfd-button-module-wrap .dfd-button-module .dfd-button-link .dfd-button-inner-cover .dfd-button-text-hover, #dfd-button-69d0ed6f5f246.dfd-button-module-wrap .dfd-button-module .dfd-button-link .dfd-button-inner-cover .dfd-button-text-hover {padding-right: 25px;}#dfd-button-69d0ed6f5f246.dfd-button-module-wrap .dfd-button-module .dfd-button-link .dfd-button-inner-cover .dfd-button-text-main, .dfd-button-69d0ed6f5f246.dfd-button-module-wrap .dfd-button-module .dfd-button-link .dfd-button-inner-cover .dfd-button-text-main, .dfd-button-69d0ed6f5f246.dfd-button-module-wrap .dfd-button-module .dfd-button-link .dfd-button-inner-cover .dfd-button-text-hover, #dfd-button-69d0ed6f5f246.dfd-button-module-wrap .dfd-button-module .dfd-button-link .dfd-button-inner-cover .dfd-button-text-hover {font-size: 17px; font-family: InterLight; line-height: 40px; letter-spacing: 0px; }#dfd-button-69d0ed6f5f246.dfd-button-module-wrap .dfd-button-module .dfd-button-link .dfd-button-inner-cover .dfd-button-text-main,.dfd-button-69d0ed6f5f246.dfd-button-module-wrap .dfd-button-module .dfd-button-link .dfd-button-inner-cover .dfd-button-text-main {color: #ffffff}#dfd-button-69d0ed6f5f246.dfd-button-module-wrap .dfd-button-module .dfd-button-link .dfd-button-inner-cover,.dfd-button-69d0ed6f5f246.dfd-button-module-wrap .dfd-button-module .dfd-button-link .dfd-button-border-decoration,.dfd-button-69d0ed6f5f246.dfd-button-module-wrap .dfd-button-module .dfd-button-link .dfd-button-inner-cover {border-radius:0px;}#dfd-button-69d0ed6f5f246.dfd-button-module-wrap .dfd-button-module:not(.style_4) .dfd-button-link .dfd-button-inner-cover:before,#dfd-button-69d0ed6f5f246.dfd-button-module-wrap .dfd-button-module.style_4 .dfd-button-link .dfd-button-inner-cover:after,#dfd-button-69d0ed6f5f246.dfd-button-module-wrap .dfd-button-module.style_6 .dfd-button-link .dfd-button-inner-cover .dfd-button-text-main,.dfd-button-69d0ed6f5f246.dfd-button-module-wrap .dfd-button-module:not(.style_4) .dfd-button-link .dfd-button-inner-cover:before,.dfd-button-69d0ed6f5f246.dfd-button-module-wrap .dfd-button-module.style_4 .dfd-button-link .dfd-button-inner-cover:after,.dfd-button-69d0ed6f5f246.dfd-button-module-wrap .dfd-button-module.style_6 .dfd-button-link .dfd-button-inner-cover .dfd-button-text-main {background: #000000;border-style:solid;border-width:0px;border-radius:0px;border-color:#000000;}#dfd-button-69d0ed6f5f246.dfd-button-module-wrap .dfd-button-module:not(.style_6) .dfd-button-link:hover .dfd-button-inner-cover .dfd-button-text-main,#dfd-button-69d0ed6f5f246.dfd-button-module-wrap .dfd-button-module .dfd-button-link .dfd-button-inner-cover .dfd-button-text-hover,.dfd-button-69d0ed6f5f246.dfd-button-module-wrap .dfd-button-module:not(.style_6) .dfd-button-link:hover .dfd-button-inner-cover .dfd-button-text-main,.dfd-button-69d0ed6f5f246.dfd-button-module-wrap .dfd-button-module .dfd-button-link .dfd-button-inner-cover .dfd-button-text-hover {color: #ffffff;}#dfd-button-69d0ed6f5f246.dfd-button-module-wrap .dfd-button-module .dfd-button-link:hover .dfd-button-inner-cover,.dfd-button-69d0ed6f5f246.dfd-button-module-wrap .dfd-button-module .dfd-button-link:hover .dfd-button-border-decoration,.dfd-button-69d0ed6f5f246.dfd-button-module-wrap .dfd-button-module .dfd-button-link:hover .dfd-button-inner-cover {border-radius:0px;}#dfd-button-69d0ed6f5f246.dfd-button-module-wrap .dfd-button-module:not(.style_4) .dfd-button-link .dfd-button-inner-cover:after,#dfd-button-69d0ed6f5f246.dfd-button-module-wrap .dfd-button-module.style_4 .dfd-button-link .dfd-button-inner-cover:before,#dfd-button-69d0ed6f5f246.dfd-button-module-wrap .dfd-button-module .dfd-button-link .dfd-button-inner-cover .dfd-button-text-hover .dfd-button-69d0ed6f5f246.dfd-button-module-wrap .dfd-button-module:not(.style_4) .dfd-button-link .dfd-button-inner-cover:after,.dfd-button-69d0ed6f5f246.dfd-button-module-wrap .dfd-button-module.style_4 .dfd-button-link .dfd-button-inner-cover:before,.dfd-button-69d0ed6f5f246.dfd-button-module-wrap .dfd-button-module .dfd-button-link .dfd-button-inner-cover .dfd-button-text-hover {background: #000000;border-style:solid;border-width:0px;border-radius:0px;border-color:#000000;}#dfd-button-69d0ed6f5f246.dfd-button-module-wrap .dfd-button-module.style_3 .dfd-button-link:hover .dfd-button-inner-cover:before,#dfd-button-69d0ed6f5f246.dfd-button-module-wrap .dfd-button-module.style_4 .dfd-button-link:hover .dfd-button-inner-cover:before,.dfd-button-69d0ed6f5f246.dfd-button-module-wrap .dfd-button-module.style_3 .dfd-button-link:hover .dfd-button-inner-cover:before,.dfd-button-69d0ed6f5f246.dfd-button-module-wrap .dfd-button-module.style_4 .dfd-button-link:hover .dfd-button-inner-cover:before {border-style:solid;border-width:0px;border-radius:0px;border-color:#000000;}<\/style>\")\r\n\t\t\t\t\t\t\t\t\t})(jQuery);\r\n\t\t\t\t\t\t\t\t<\/script><\/div>[\/vc_column][\/vc_row]<\/p>\n<\/div>","protected":false},"excerpt":{"rendered":"<p><em>de Roberto Antonini <\/em><br \/>\n96 pages<br \/>\n30 illustrations in\u00e9dites<br \/>\nLangue fran\u00e7ais<br \/>\nISBN 978-2-8399-4403-8<\/p>\n<p>&nbsp;<\/p>\n<p>\u00abCet instinct d\u2019humilier l\u2019autre, lorsqu\u2019il est incarn\u00e9 par quelqu\u2019un de tr\u00e8s expos\u00e9, quelqu\u2019un de puissant, s\u2019infiltre dans la vie de chacun, car il autorise les autres \u00e0 se comporter de la m\u00eame mani\u00e8re. Le manque de respect engendre encore plus d\u2019irrespect, la violence incite \u00e0 plus de violence, et lorsque les puissants utilisent leur position pour maltraiter les autres, nous perdons tous.\u00bb \u2013 Extrait du discours de Meryl Streep aux Golden Globes 2017.<br \/>\n<strong>Fruit d\u2019une recherche aussi minutieuse qu\u2019intrigante, la publication m\u00eale textes incisifs et une trentaine d\u2019illustrations in\u00e9dites pour dresser un portrait aussi mordant qu\u2019\u00e9clairant du pr\u00e9sident am\u00e9ricain et de sa trajectoire politique.<\/strong><\/p>\n<p>&nbsp;<\/p>\n<p>Printed in Switzerland<br \/>\n<a href=\"https:\/\/dpsuisse.ch\/fr\/home\" target=\"_blank\" rel=\"noopener\"><img loading=\"lazy\" decoding=\"async\" class=\"alignnone wp-image-20628\" src=\"https:\/\/variante.ch\/wp-content\/uploads\/2025\/07\/dpsuisse_logo-1024x260.png\" alt=\"\" width=\"110\" height=\"28\" srcset=\"https:\/\/variante.ch\/wp-content\/uploads\/2025\/07\/dpsuisse_logo-1024x260.png 1024w, https:\/\/variante.ch\/wp-content\/uploads\/2025\/07\/dpsuisse_logo-600x153.png 600w, https:\/\/variante.ch\/wp-content\/uploads\/2025\/07\/dpsuisse_logo-768x195.png 768w, https:\/\/variante.ch\/wp-content\/uploads\/2025\/07\/dpsuisse_logo.png 1200w\" sizes=\"auto, (max-width: 110px) 100vw, 110px\" \/><\/a><\/p>\n<p>&nbsp;<\/p>\n<p><strong>Livre disponible fin juillet. <\/strong><br \/>\n<strong>Livraison en Suisse sous 6 jours ouvrables. (frais de port inclus).<\/strong><\/p>\n<p><script type=\"text\/javascript\">\n  twq('event', 'tw-q8tdf-q8thl', {\n    value: 21.00, \/\/ Sostituisci con il prezzo reale\n    currency: 'CHF',\n    email_address: null \/\/ puoi lasciare null o passare un'email se disponibile\n  });\n<\/script><\/p>\n","protected":false},"featured_media":22525,"template":"","meta":{"inline_featured_image":false,"_monsterinsights_skip_tracking":false,"_monsterinsights_sitenote_active":false,"_monsterinsights_sitenote_note":"","_monsterinsights_sitenote_category":0},"product_brand":[],"product_cat":[154],"product_tag":[],"class_list":{"0":"post-22254","1":"product","2":"type-product","3":"status-publish","4":"has-post-thumbnail","6":"product_cat-edizioni-fr","8":"first","9":"instock","10":"shipping-taxable","11":"purchasable","12":"product-type-simple"},"yoast_head":"<!-- This site is optimized with the Yoast SEO plugin v26.5 - https:\/\/yoast.com\/wordpress\/plugins\/seo\/ -->\n<title>Fake You! - Variante agenzia creativa<\/title>\n<meta name=\"description\" content=\"L\u2019id\u00e9e m\u2019a tout de suite s\u00e9duit : en un tourbillonsatirique et document\u00e9, Fake You ! Le monde parfait de Donald d\u00e9construit m\u00e9thodiquement...\" \/>\n<meta name=\"robots\" content=\"index, follow, max-snippet:-1, max-image-preview:large, max-video-preview:-1\" \/>\n<link rel=\"canonical\" href=\"https:\/\/variante.ch\/fr\/prodotto\/fake-you\/\" \/>\n<meta property=\"og:locale\" content=\"fr_FR\" \/>\n<meta property=\"og:type\" content=\"article\" \/>\n<meta property=\"og:title\" content=\"Fake You! - Variante agenzia creativa\" \/>\n<meta property=\"og:description\" content=\"L\u2019id\u00e9e m\u2019a tout de suite s\u00e9duit : en un tourbillonsatirique et document\u00e9, Fake You ! Le monde parfait de Donald d\u00e9construit m\u00e9thodiquement...\" \/>\n<meta property=\"og:url\" content=\"https:\/\/variante.ch\/fr\/prodotto\/fake-you\/\" \/>\n<meta property=\"og:site_name\" content=\"Variante agenzia creativa\" \/>\n<meta property=\"article:modified_time\" content=\"2026-03-08T07:56:42+00:00\" \/>\n<meta property=\"og:image\" content=\"https:\/\/variante.ch\/wp-content\/uploads\/2025\/07\/Fake_you_Donald_copertina.jpg\" \/>\n\t<meta property=\"og:image:width\" content=\"1200\" \/>\n\t<meta property=\"og:image:height\" content=\"1200\" \/>\n\t<meta property=\"og:image:type\" content=\"image\/jpeg\" \/>\n<meta name=\"twitter:card\" content=\"summary_large_image\" \/>\n<meta name=\"twitter:label1\" content=\"Dur\u00e9e de lecture estim\u00e9e\" \/>\n\t<meta name=\"twitter:data1\" content=\"1 minute\" \/>\n<script type=\"application\/ld+json\" class=\"yoast-schema-graph\">{\"@context\":\"https:\/\/schema.org\",\"@graph\":[{\"@type\":\"WebPage\",\"@id\":\"https:\/\/variante.ch\/fr\/prodotto\/fake-you\/\",\"url\":\"https:\/\/variante.ch\/fr\/prodotto\/fake-you\/\",\"name\":\"Fake You! - Variante agenzia creativa\",\"isPartOf\":{\"@id\":\"https:\/\/variante.ch\/fr\/#website\"},\"primaryImageOfPage\":{\"@id\":\"https:\/\/variante.ch\/fr\/prodotto\/fake-you\/#primaryimage\"},\"image\":{\"@id\":\"https:\/\/variante.ch\/fr\/prodotto\/fake-you\/#primaryimage\"},\"thumbnailUrl\":\"https:\/\/variante.ch\/wp-content\/uploads\/2025\/07\/Fake_You_copertina_new2.jpg\",\"datePublished\":\"2025-07-16T07:50:57+00:00\",\"dateModified\":\"2026-03-08T07:56:42+00:00\",\"description\":\"L\u2019id\u00e9e m\u2019a tout de suite s\u00e9duit : en un tourbillonsatirique et document\u00e9, Fake You ! Le monde parfait de Donald d\u00e9construit m\u00e9thodiquement...\",\"breadcrumb\":{\"@id\":\"https:\/\/variante.ch\/fr\/prodotto\/fake-you\/#breadcrumb\"},\"inLanguage\":\"fr-FR\",\"potentialAction\":[{\"@type\":\"ReadAction\",\"target\":[\"https:\/\/variante.ch\/fr\/prodotto\/fake-you\/\"]}]},{\"@type\":\"ImageObject\",\"inLanguage\":\"fr-FR\",\"@id\":\"https:\/\/variante.ch\/fr\/prodotto\/fake-you\/#primaryimage\",\"url\":\"https:\/\/variante.ch\/wp-content\/uploads\/2025\/07\/Fake_You_copertina_new2.jpg\",\"contentUrl\":\"https:\/\/variante.ch\/wp-content\/uploads\/2025\/07\/Fake_You_copertina_new2.jpg\",\"width\":1200,\"height\":1200},{\"@type\":\"BreadcrumbList\",\"@id\":\"https:\/\/variante.ch\/fr\/prodotto\/fake-you\/#breadcrumb\",\"itemListElement\":[{\"@type\":\"ListItem\",\"position\":1,\"name\":\"Home\",\"item\":\"https:\/\/variante.ch\/fr\/\"},{\"@type\":\"ListItem\",\"position\":2,\"name\":\"Produits\",\"item\":\"https:\/\/variante.ch\/fr\/shop\/\"},{\"@type\":\"ListItem\",\"position\":3,\"name\":\"Fake You!\"}]},{\"@type\":\"WebSite\",\"@id\":\"https:\/\/variante.ch\/fr\/#website\",\"url\":\"https:\/\/variante.ch\/fr\/\",\"name\":\"Variante agenzia creativa\",\"description\":\"Variante agenzia creativa\",\"publisher\":{\"@id\":\"https:\/\/variante.ch\/fr\/#organization\"},\"potentialAction\":[{\"@type\":\"SearchAction\",\"target\":{\"@type\":\"EntryPoint\",\"urlTemplate\":\"https:\/\/variante.ch\/fr\/?s={search_term_string}\"},\"query-input\":{\"@type\":\"PropertyValueSpecification\",\"valueRequired\":true,\"valueName\":\"search_term_string\"}}],\"inLanguage\":\"fr-FR\"},{\"@type\":\"Organization\",\"@id\":\"https:\/\/variante.ch\/fr\/#organization\",\"name\":\"Variante agenzia creativa\",\"url\":\"https:\/\/variante.ch\/fr\/\",\"logo\":{\"@type\":\"ImageObject\",\"inLanguage\":\"fr-FR\",\"@id\":\"https:\/\/variante.ch\/fr\/#\/schema\/logo\/image\/\",\"url\":\"https:\/\/variante.ch\/wp-content\/uploads\/2020\/05\/variante_agenzia_creativa_logo_new.svg\",\"contentUrl\":\"https:\/\/variante.ch\/wp-content\/uploads\/2020\/05\/variante_agenzia_creativa_logo_new.svg\",\"width\":\"1024\",\"height\":\"1024\",\"caption\":\"Variante agenzia creativa\"},\"image\":{\"@id\":\"https:\/\/variante.ch\/fr\/#\/schema\/logo\/image\/\"}}]}<\/script>\n<!-- \/ Yoast SEO plugin. -->","yoast_head_json":{"title":"Fake You! - Variante agenzia creativa","description":"L\u2019id\u00e9e m\u2019a tout de suite s\u00e9duit : en un tourbillonsatirique et document\u00e9, Fake You ! Le monde parfait de Donald d\u00e9construit m\u00e9thodiquement...","robots":{"index":"index","follow":"follow","max-snippet":"max-snippet:-1","max-image-preview":"max-image-preview:large","max-video-preview":"max-video-preview:-1"},"canonical":"https:\/\/variante.ch\/fr\/prodotto\/fake-you\/","og_locale":"fr_FR","og_type":"article","og_title":"Fake You! - Variante agenzia creativa","og_description":"L\u2019id\u00e9e m\u2019a tout de suite s\u00e9duit : en un tourbillonsatirique et document\u00e9, Fake You ! Le monde parfait de Donald d\u00e9construit m\u00e9thodiquement...","og_url":"https:\/\/variante.ch\/fr\/prodotto\/fake-you\/","og_site_name":"Variante agenzia creativa","article_modified_time":"2026-03-08T07:56:42+00:00","og_image":[{"width":1200,"height":1200,"url":"https:\/\/variante.ch\/wp-content\/uploads\/2025\/07\/Fake_you_Donald_copertina.jpg","type":"image\/jpeg"}],"twitter_card":"summary_large_image","twitter_misc":{"Dur\u00e9e de lecture estim\u00e9e":"1 minute"},"schema":{"@context":"https:\/\/schema.org","@graph":[{"@type":"WebPage","@id":"https:\/\/variante.ch\/fr\/prodotto\/fake-you\/","url":"https:\/\/variante.ch\/fr\/prodotto\/fake-you\/","name":"Fake You! - Variante agenzia creativa","isPartOf":{"@id":"https:\/\/variante.ch\/fr\/#website"},"primaryImageOfPage":{"@id":"https:\/\/variante.ch\/fr\/prodotto\/fake-you\/#primaryimage"},"image":{"@id":"https:\/\/variante.ch\/fr\/prodotto\/fake-you\/#primaryimage"},"thumbnailUrl":"https:\/\/variante.ch\/wp-content\/uploads\/2025\/07\/Fake_You_copertina_new2.jpg","datePublished":"2025-07-16T07:50:57+00:00","dateModified":"2026-03-08T07:56:42+00:00","description":"L\u2019id\u00e9e m\u2019a tout de suite s\u00e9duit : en un tourbillonsatirique et document\u00e9, Fake You ! Le monde parfait de Donald d\u00e9construit m\u00e9thodiquement...","breadcrumb":{"@id":"https:\/\/variante.ch\/fr\/prodotto\/fake-you\/#breadcrumb"},"inLanguage":"fr-FR","potentialAction":[{"@type":"ReadAction","target":["https:\/\/variante.ch\/fr\/prodotto\/fake-you\/"]}]},{"@type":"ImageObject","inLanguage":"fr-FR","@id":"https:\/\/variante.ch\/fr\/prodotto\/fake-you\/#primaryimage","url":"https:\/\/variante.ch\/wp-content\/uploads\/2025\/07\/Fake_You_copertina_new2.jpg","contentUrl":"https:\/\/variante.ch\/wp-content\/uploads\/2025\/07\/Fake_You_copertina_new2.jpg","width":1200,"height":1200},{"@type":"BreadcrumbList","@id":"https:\/\/variante.ch\/fr\/prodotto\/fake-you\/#breadcrumb","itemListElement":[{"@type":"ListItem","position":1,"name":"Home","item":"https:\/\/variante.ch\/fr\/"},{"@type":"ListItem","position":2,"name":"Produits","item":"https:\/\/variante.ch\/fr\/shop\/"},{"@type":"ListItem","position":3,"name":"Fake You!"}]},{"@type":"WebSite","@id":"https:\/\/variante.ch\/fr\/#website","url":"https:\/\/variante.ch\/fr\/","name":"Variante agenzia creativa","description":"Variante agenzia creativa","publisher":{"@id":"https:\/\/variante.ch\/fr\/#organization"},"potentialAction":[{"@type":"SearchAction","target":{"@type":"EntryPoint","urlTemplate":"https:\/\/variante.ch\/fr\/?s={search_term_string}"},"query-input":{"@type":"PropertyValueSpecification","valueRequired":true,"valueName":"search_term_string"}}],"inLanguage":"fr-FR"},{"@type":"Organization","@id":"https:\/\/variante.ch\/fr\/#organization","name":"Variante agenzia creativa","url":"https:\/\/variante.ch\/fr\/","logo":{"@type":"ImageObject","inLanguage":"fr-FR","@id":"https:\/\/variante.ch\/fr\/#\/schema\/logo\/image\/","url":"https:\/\/variante.ch\/wp-content\/uploads\/2020\/05\/variante_agenzia_creativa_logo_new.svg","contentUrl":"https:\/\/variante.ch\/wp-content\/uploads\/2020\/05\/variante_agenzia_creativa_logo_new.svg","width":"1024","height":"1024","caption":"Variante agenzia creativa"},"image":{"@id":"https:\/\/variante.ch\/fr\/#\/schema\/logo\/image\/"}}]}},"_links":{"self":[{"href":"https:\/\/variante.ch\/fr\/wp-json\/wp\/v2\/product\/22254","targetHints":{"allow":["GET"]}}],"collection":[{"href":"https:\/\/variante.ch\/fr\/wp-json\/wp\/v2\/product"}],"about":[{"href":"https:\/\/variante.ch\/fr\/wp-json\/wp\/v2\/types\/product"}],"wp:featuredmedia":[{"embeddable":true,"href":"https:\/\/variante.ch\/fr\/wp-json\/wp\/v2\/media\/22525"}],"wp:attachment":[{"href":"https:\/\/variante.ch\/fr\/wp-json\/wp\/v2\/media?parent=22254"}],"wp:term":[{"taxonomy":"product_brand","embeddable":true,"href":"https:\/\/variante.ch\/fr\/wp-json\/wp\/v2\/product_brand?post=22254"},{"taxonomy":"product_cat","embeddable":true,"href":"https:\/\/variante.ch\/fr\/wp-json\/wp\/v2\/product_cat?post=22254"},{"taxonomy":"product_tag","embeddable":true,"href":"https:\/\/variante.ch\/fr\/wp-json\/wp\/v2\/product_tag?post=22254"}],"curies":[{"name":"wp","href":"https:\/\/api.w.org\/{rel}","templated":true}]}}