{"id":19409,"date":"2025-10-02T13:40:01","date_gmt":"2025-10-02T11:40:01","guid":{"rendered":"https:\/\/variante.ch\/?post_type=product&#038;p=19409"},"modified":"2026-03-12T08:52:37","modified_gmt":"2026-03-12T07:52:37","slug":"ul-crus-di-armando-ceroni","status":"publish","type":"product","link":"https:\/\/variante.ch\/fr\/prodotto\/ul-crus-di-armando-ceroni\/","title":{"rendered":"Ul Crus di Armando Ceroni"},"content":{"rendered":"","protected":false},"excerpt":{"rendered":"<p>Pagine: 164 a colori<br \/>\nFormato: 130 x 205 mm<br \/>\nIllustrazioni acquarellate<br \/>\nPrefazione di Nicol\u00f2 Casolini<br \/>\nDisegni di Alex Barbey<br \/>\nISBN 979-12-985314-1-3<br \/>\nPrinted in Switzerland<\/p>\n<p>&nbsp;<\/p>\n<p>\u00abDa bambino pensavo che lass\u00f9, dietro il faro, ci fosse il mare. Lo vedevo come un luogo magico, incantato e quel sentimento di meraviglia ce l\u2019ho ancora qui, nel profondo del cuore.\u00bb \u2013 Mattia Croci Torti<\/p>\n<p>&nbsp;<\/p>\n<p>Redatta dal consigliere e fedele amico Armando Ceroni, gi\u00e0 voce autorevole della RSI come cronista sportivo, questa pubblicazione narra una carriera segnata da momenti inattesi e memorabili. Lo spirito positivo di Mattia e la sua autenticit\u00e0 hanno saputo lasciare un segno profondo in ciascuno di noi, anche in coloro che guardano al mondo del calcio con distacco.<\/p>\n<p>&nbsp;<\/p>\n<p>Chiamato anche Mister Cartacce a causa di uno scivolone, Ul Crus, ha incrociato il suo destino con diversi personaggi che ne hanno influenzato il percorso, alcuni dei quali sono raccontati nel libro: Abel Braga, Carlo Ancelotti, Valon Behrami, Nicol\u00f2 Casolini, Marco De Gennaro, Gianni Delorenzi, Giovanni Manna, Ren\u00e9 Morf, Jos\u00e9 Mourino, Roberto Morinini, Carlo Ortelli, Vladimir Petkovi\u0107, Angelo Renzetti, Walter Samuel, Renato Steffen, Pierluigi Tami, Nicholas Townsend, Gianluca Zambrotta, \u2026 .<\/p>\n<p><em>Prefazione di Nicol\u00f2 Casolini<\/em><\/p>\n<p>&nbsp;<\/p>\n<p><strong>Spedizione solo in Svizzera.<br \/>\nTempi di consegna: fino a 6 giorni lavorativi.<br \/>\nPossibilit\u00e0 di ritiro presso i nostri uffici in via Teatro 4 a Bellinzona.<\/strong><\/p>\n","protected":false},"featured_media":22390,"template":"","meta":{"inline_featured_image":false,"_monsterinsights_skip_tracking":false,"_monsterinsights_sitenote_active":false,"_monsterinsights_sitenote_note":"","_monsterinsights_sitenote_category":0},"product_brand":[],"product_cat":[136],"product_tag":[],"class_list":{"0":"post-19409","1":"product","2":"type-product","3":"status-publish","4":"has-post-thumbnail","6":"product_cat-edizioni","8":"first","9":"instock","10":"shipping-taxable","11":"purchasable","12":"product-type-simple"},"yoast_head":"<!-- This site is optimized with the Yoast SEO plugin v26.5 - https:\/\/yoast.com\/wordpress\/plugins\/seo\/ -->\n<title>Ul Crus di Armando Ceroni - Variante agenzia creativa<\/title>\n<meta name=\"description\" content=\"Scopri &quot;Ul Crus di Armando Ceroni&quot;, la biografia che celebra la carriera memorabile e lo spirito autentico di Mattia Croci Torti...\" \/>\n<meta name=\"robots\" content=\"index, follow, max-snippet:-1, max-image-preview:large, max-video-preview:-1\" \/>\n<link rel=\"canonical\" href=\"https:\/\/variante.ch\/fr\/prodotto\/ul-crus-di-armando-ceroni\/\" \/>\n<meta property=\"og:locale\" content=\"fr_FR\" \/>\n<meta property=\"og:type\" content=\"article\" \/>\n<meta property=\"og:title\" content=\"Ul Crus di Armando Ceroni - Variante agenzia creativa\" \/>\n<meta property=\"og:description\" content=\"Scopri &quot;Ul Crus di Armando Ceroni&quot;, la biografia che celebra la carriera memorabile e lo spirito autentico di Mattia Croci Torti...\" \/>\n<meta property=\"og:url\" content=\"https:\/\/variante.ch\/fr\/prodotto\/ul-crus-di-armando-ceroni\/\" \/>\n<meta property=\"og:site_name\" content=\"Variante agenzia creativa\" \/>\n<meta property=\"article:modified_time\" content=\"2026-03-12T07:52:37+00:00\" \/>\n<meta property=\"og:image\" content=\"https:\/\/variante.ch\/wp-content\/uploads\/2025\/07\/Ul-Crus_copertina.jpg\" \/>\n\t<meta property=\"og:image:width\" content=\"1200\" \/>\n\t<meta property=\"og:image:height\" content=\"1201\" \/>\n\t<meta property=\"og:image:type\" content=\"image\/jpeg\" \/>\n<meta name=\"twitter:card\" content=\"summary_large_image\" \/>\n<meta name=\"twitter:label1\" content=\"Dur\u00e9e de lecture estim\u00e9e\" \/>\n\t<meta name=\"twitter:data1\" content=\"1 minute\" \/>\n<script type=\"application\/ld+json\" class=\"yoast-schema-graph\">{\"@context\":\"https:\/\/schema.org\",\"@graph\":[{\"@type\":\"WebPage\",\"@id\":\"https:\/\/variante.ch\/fr\/prodotto\/ul-crus-di-armando-ceroni\/\",\"url\":\"https:\/\/variante.ch\/fr\/prodotto\/ul-crus-di-armando-ceroni\/\",\"name\":\"Ul Crus di Armando Ceroni - Variante agenzia creativa\",\"isPartOf\":{\"@id\":\"https:\/\/variante.ch\/fr\/#website\"},\"primaryImageOfPage\":{\"@id\":\"https:\/\/variante.ch\/fr\/prodotto\/ul-crus-di-armando-ceroni\/#primaryimage\"},\"image\":{\"@id\":\"https:\/\/variante.ch\/fr\/prodotto\/ul-crus-di-armando-ceroni\/#primaryimage\"},\"thumbnailUrl\":\"https:\/\/variante.ch\/wp-content\/uploads\/2025\/07\/Ul-Crus_copertina.jpg\",\"datePublished\":\"2025-10-02T11:40:01+00:00\",\"dateModified\":\"2026-03-12T07:52:37+00:00\",\"description\":\"Scopri \\\"Ul Crus di Armando Ceroni\\\", la biografia che celebra la carriera memorabile e lo spirito autentico di Mattia Croci Torti...\",\"breadcrumb\":{\"@id\":\"https:\/\/variante.ch\/fr\/prodotto\/ul-crus-di-armando-ceroni\/#breadcrumb\"},\"inLanguage\":\"fr-FR\",\"potentialAction\":[{\"@type\":\"ReadAction\",\"target\":[\"https:\/\/variante.ch\/fr\/prodotto\/ul-crus-di-armando-ceroni\/\"]}]},{\"@type\":\"ImageObject\",\"inLanguage\":\"fr-FR\",\"@id\":\"https:\/\/variante.ch\/fr\/prodotto\/ul-crus-di-armando-ceroni\/#primaryimage\",\"url\":\"https:\/\/variante.ch\/wp-content\/uploads\/2025\/07\/Ul-Crus_copertina.jpg\",\"contentUrl\":\"https:\/\/variante.ch\/wp-content\/uploads\/2025\/07\/Ul-Crus_copertina.jpg\",\"width\":1200,\"height\":1201,\"caption\":\"Ul Crus \u2013 di Armando Ceroni\"},{\"@type\":\"BreadcrumbList\",\"@id\":\"https:\/\/variante.ch\/fr\/prodotto\/ul-crus-di-armando-ceroni\/#breadcrumb\",\"itemListElement\":[{\"@type\":\"ListItem\",\"position\":1,\"name\":\"Home\",\"item\":\"https:\/\/variante.ch\/fr\/\"},{\"@type\":\"ListItem\",\"position\":2,\"name\":\"Produits\",\"item\":\"https:\/\/variante.ch\/fr\/shop\/\"},{\"@type\":\"ListItem\",\"position\":3,\"name\":\"Ul Crus di Armando Ceroni\"}]},{\"@type\":\"WebSite\",\"@id\":\"https:\/\/variante.ch\/fr\/#website\",\"url\":\"https:\/\/variante.ch\/fr\/\",\"name\":\"Variante agenzia creativa\",\"description\":\"Variante agenzia creativa\",\"publisher\":{\"@id\":\"https:\/\/variante.ch\/fr\/#organization\"},\"potentialAction\":[{\"@type\":\"SearchAction\",\"target\":{\"@type\":\"EntryPoint\",\"urlTemplate\":\"https:\/\/variante.ch\/fr\/?s={search_term_string}\"},\"query-input\":{\"@type\":\"PropertyValueSpecification\",\"valueRequired\":true,\"valueName\":\"search_term_string\"}}],\"inLanguage\":\"fr-FR\"},{\"@type\":\"Organization\",\"@id\":\"https:\/\/variante.ch\/fr\/#organization\",\"name\":\"Variante agenzia creativa\",\"url\":\"https:\/\/variante.ch\/fr\/\",\"logo\":{\"@type\":\"ImageObject\",\"inLanguage\":\"fr-FR\",\"@id\":\"https:\/\/variante.ch\/fr\/#\/schema\/logo\/image\/\",\"url\":\"https:\/\/variante.ch\/wp-content\/uploads\/2020\/05\/variante_agenzia_creativa_logo_new.svg\",\"contentUrl\":\"https:\/\/variante.ch\/wp-content\/uploads\/2020\/05\/variante_agenzia_creativa_logo_new.svg\",\"width\":\"1024\",\"height\":\"1024\",\"caption\":\"Variante agenzia creativa\"},\"image\":{\"@id\":\"https:\/\/variante.ch\/fr\/#\/schema\/logo\/image\/\"}}]}<\/script>\n<!-- \/ Yoast SEO plugin. -->","yoast_head_json":{"title":"Ul Crus di Armando Ceroni - Variante agenzia creativa","description":"Scopri \"Ul Crus di Armando Ceroni\", la biografia che celebra la carriera memorabile e lo spirito autentico di Mattia Croci Torti...","robots":{"index":"index","follow":"follow","max-snippet":"max-snippet:-1","max-image-preview":"max-image-preview:large","max-video-preview":"max-video-preview:-1"},"canonical":"https:\/\/variante.ch\/fr\/prodotto\/ul-crus-di-armando-ceroni\/","og_locale":"fr_FR","og_type":"article","og_title":"Ul Crus di Armando Ceroni - Variante agenzia creativa","og_description":"Scopri \"Ul Crus di Armando Ceroni\", la biografia che celebra la carriera memorabile e lo spirito autentico di Mattia Croci Torti...","og_url":"https:\/\/variante.ch\/fr\/prodotto\/ul-crus-di-armando-ceroni\/","og_site_name":"Variante agenzia creativa","article_modified_time":"2026-03-12T07:52:37+00:00","og_image":[{"width":1200,"height":1201,"url":"https:\/\/variante.ch\/wp-content\/uploads\/2025\/07\/Ul-Crus_copertina.jpg","type":"image\/jpeg"}],"twitter_card":"summary_large_image","twitter_misc":{"Dur\u00e9e de lecture estim\u00e9e":"1 minute"},"schema":{"@context":"https:\/\/schema.org","@graph":[{"@type":"WebPage","@id":"https:\/\/variante.ch\/fr\/prodotto\/ul-crus-di-armando-ceroni\/","url":"https:\/\/variante.ch\/fr\/prodotto\/ul-crus-di-armando-ceroni\/","name":"Ul Crus di Armando Ceroni - Variante agenzia creativa","isPartOf":{"@id":"https:\/\/variante.ch\/fr\/#website"},"primaryImageOfPage":{"@id":"https:\/\/variante.ch\/fr\/prodotto\/ul-crus-di-armando-ceroni\/#primaryimage"},"image":{"@id":"https:\/\/variante.ch\/fr\/prodotto\/ul-crus-di-armando-ceroni\/#primaryimage"},"thumbnailUrl":"https:\/\/variante.ch\/wp-content\/uploads\/2025\/07\/Ul-Crus_copertina.jpg","datePublished":"2025-10-02T11:40:01+00:00","dateModified":"2026-03-12T07:52:37+00:00","description":"Scopri \"Ul Crus di Armando Ceroni\", la biografia che celebra la carriera memorabile e lo spirito autentico di Mattia Croci Torti...","breadcrumb":{"@id":"https:\/\/variante.ch\/fr\/prodotto\/ul-crus-di-armando-ceroni\/#breadcrumb"},"inLanguage":"fr-FR","potentialAction":[{"@type":"ReadAction","target":["https:\/\/variante.ch\/fr\/prodotto\/ul-crus-di-armando-ceroni\/"]}]},{"@type":"ImageObject","inLanguage":"fr-FR","@id":"https:\/\/variante.ch\/fr\/prodotto\/ul-crus-di-armando-ceroni\/#primaryimage","url":"https:\/\/variante.ch\/wp-content\/uploads\/2025\/07\/Ul-Crus_copertina.jpg","contentUrl":"https:\/\/variante.ch\/wp-content\/uploads\/2025\/07\/Ul-Crus_copertina.jpg","width":1200,"height":1201,"caption":"Ul Crus \u2013 di Armando Ceroni"},{"@type":"BreadcrumbList","@id":"https:\/\/variante.ch\/fr\/prodotto\/ul-crus-di-armando-ceroni\/#breadcrumb","itemListElement":[{"@type":"ListItem","position":1,"name":"Home","item":"https:\/\/variante.ch\/fr\/"},{"@type":"ListItem","position":2,"name":"Produits","item":"https:\/\/variante.ch\/fr\/shop\/"},{"@type":"ListItem","position":3,"name":"Ul Crus di Armando Ceroni"}]},{"@type":"WebSite","@id":"https:\/\/variante.ch\/fr\/#website","url":"https:\/\/variante.ch\/fr\/","name":"Variante agenzia creativa","description":"Variante agenzia creativa","publisher":{"@id":"https:\/\/variante.ch\/fr\/#organization"},"potentialAction":[{"@type":"SearchAction","target":{"@type":"EntryPoint","urlTemplate":"https:\/\/variante.ch\/fr\/?s={search_term_string}"},"query-input":{"@type":"PropertyValueSpecification","valueRequired":true,"valueName":"search_term_string"}}],"inLanguage":"fr-FR"},{"@type":"Organization","@id":"https:\/\/variante.ch\/fr\/#organization","name":"Variante agenzia creativa","url":"https:\/\/variante.ch\/fr\/","logo":{"@type":"ImageObject","inLanguage":"fr-FR","@id":"https:\/\/variante.ch\/fr\/#\/schema\/logo\/image\/","url":"https:\/\/variante.ch\/wp-content\/uploads\/2020\/05\/variante_agenzia_creativa_logo_new.svg","contentUrl":"https:\/\/variante.ch\/wp-content\/uploads\/2020\/05\/variante_agenzia_creativa_logo_new.svg","width":"1024","height":"1024","caption":"Variante agenzia creativa"},"image":{"@id":"https:\/\/variante.ch\/fr\/#\/schema\/logo\/image\/"}}]}},"_links":{"self":[{"href":"https:\/\/variante.ch\/fr\/wp-json\/wp\/v2\/product\/19409","targetHints":{"allow":["GET"]}}],"collection":[{"href":"https:\/\/variante.ch\/fr\/wp-json\/wp\/v2\/product"}],"about":[{"href":"https:\/\/variante.ch\/fr\/wp-json\/wp\/v2\/types\/product"}],"wp:featuredmedia":[{"embeddable":true,"href":"https:\/\/variante.ch\/fr\/wp-json\/wp\/v2\/media\/22390"}],"wp:attachment":[{"href":"https:\/\/variante.ch\/fr\/wp-json\/wp\/v2\/media?parent=19409"}],"wp:term":[{"taxonomy":"product_brand","embeddable":true,"href":"https:\/\/variante.ch\/fr\/wp-json\/wp\/v2\/product_brand?post=19409"},{"taxonomy":"product_cat","embeddable":true,"href":"https:\/\/variante.ch\/fr\/wp-json\/wp\/v2\/product_cat?post=19409"},{"taxonomy":"product_tag","embeddable":true,"href":"https:\/\/variante.ch\/fr\/wp-json\/wp\/v2\/product_tag?post=19409"}],"curies":[{"name":"wp","href":"https:\/\/api.w.org\/{rel}","templated":true}]}}